{"id":3,"date":"2024-08-27T10:34:39","date_gmt":"2024-08-27T10:34:39","guid":{"rendered":"https:\/\/ldmdevelopment.pl\/tarasowaos\/?page_id=3"},"modified":"2024-11-08T11:56:58","modified_gmt":"2024-11-08T11:56:58","slug":"privacy-policy","status":"publish","type":"page","link":"https:\/\/ldmdevelopment.pl\/tarasowaos\/privacy-policy\/","title":{"rendered":"POLITYKA PRYWATNO\u015aCI SERWISU www.ldmdevelopment.pl"},"content":{"rendered":"\n<h2 class=\"wp-block-heading\"><strong>POLITYKA PRYWATNO\u015aCI SERWISU<\/strong><br><strong> www.ldmdevelopment.pl<\/strong><\/h2>\n\n\n\n<p>Ochrona prywatno\u015bci U\u017cytkownik\u00f3w jest dla <strong>LDM Development Sp. z o.o.<\/strong> szczeg\u00f3lnie wa\u017cna. Z&nbsp;tego wzgl\u0119du U\u017cytkownicy Serwisu <strong>ldmdevelopment.pl<\/strong> maj\u0105 zagwarantowane wysokie standardy ochrony prywatno\u015bci. <strong>LDM Development Sp. z o.o.<\/strong> jako Administrator danych dba o&nbsp;bezpiecze\u0144stwo udost\u0119pnionych przez U\u017cytkownik\u00f3w danych.<\/p>\n\n\n\n<p>Celem Administratora jest r\u00f3wnie\u017c nale\u017cyte informowanie U\u017cytkownik\u00f3w o&nbsp;prawach i&nbsp;obowi\u0105zkach zwi\u0105zanych z&nbsp;przetwarzaniem danych osobowych, szczeg\u00f3lnie wobec tre\u015bci przepis\u00f3w o&nbsp;ochronie danych osobowych okre\u015blonych w&nbsp;rozporz\u0105dzeniu Parlamentu Europejskiego i&nbsp;Rady (UE) 2016\/679 z&nbsp;dnia 27.04.2016r. w&nbsp;sprawie ochrony os\u00f3b fizycznych w&nbsp;zwi\u0105zku z&nbsp;przetwarzaniem danych osobowych i&nbsp;w&nbsp;sprawie swobodnego przep\u0142ywu takich danych oraz&nbsp;uchylenia dyrektywy 95\/46\/WE (dalej jako \u201eRODO\u201d). Dlatego te\u017c, dbaj\u0105c o&nbsp;ochron\u0119 prywatno\u015bci U\u017cytkownik\u00f3w Serwisu, w&nbsp;niniejszym dokumencie Administrator informuje o&nbsp;podstawach prawnych przetwarzania danych osobowych przekazanych przez U\u017cytkownik\u00f3w w&nbsp;zwi\u0105zku z&nbsp;korzystaniem przez nich z&nbsp;Serwisu <a href=\"http:\/\/www.archicons.pl\/\">ldmdevelopment.pl<\/a><em>(dalej jako \u201eSerwis\u201d)<\/em>, sposobach zbierania, przetwarzania i&nbsp;ochrony danych osobowych, a&nbsp;tak\u017ce o&nbsp;prawach U\u017cytkownik\u00f3w.<\/p>\n\n\n\n<p>U\u017cytkownikiem jest ka\u017cda osoba fizyczna, kt\u00f3rej dane dotycz\u0105, korzystaj\u0105ca z&nbsp;serwisu internetowego <strong>ldmdevelopment.pl<\/strong> lub&nbsp;us\u0142ug elektronicznych dost\u0119pnych za&nbsp;po\u015brednictwem Serwisu.<\/p>\n\n\n\n<p>Administratorem danych osobowych udost\u0119pnionych przez U\u017cytkownika w&nbsp;Serwisie <strong>ldmdevelopment.pl<\/strong> jest <strong>LDM Development Sp. z o.o., Wro\u0144ska 1D\/U3, 20-327 Lublin, NIP 9462713006, <\/strong><em>(dalej jako \u201eAdministrator\u201d)<\/em>.<\/p>\n\n\n\n<ol class=\"wp-block-list\">\n<li><strong>ZGODA U\u017bYTKOWNIKA<\/strong><\/li>\n<\/ol>\n\n\n\n<p>Korzystanie z&nbsp;Serwisu <strong>ldmdevelopment.pl<\/strong> przez U\u017cytkownika oznacza, \u017ce U\u017cytkownik akceptuje, \u017ce Administrator gromadzi oraz&nbsp;wykorzystuje dane osobowe zgodnie z&nbsp;niniejsz\u0105 Polityk\u0105 Prywatno\u015bci.<\/p>\n\n\n\n<p>Dane osobowe U\u017cytkownika Serwisu s\u0105 przetwarzane przez Administratora w&nbsp;oparciu o&nbsp;jego&nbsp;zgod\u0119, za\u015b&nbsp;w&nbsp;niekt\u00f3rych przypadkach opisanych w&nbsp;niniejszym dokumencie, w&nbsp;ramach prawnie uzasadnionego interesu Administratora. U\u017cytkownik ma prawo w&nbsp;dowolnym momencie wycofa\u0107 wyra\u017con\u0105 wcze\u015bniej zgod\u0119. Wycofanie zgody nie&nbsp;wp\u0142ywa na&nbsp;zgodno\u015b\u0107 z&nbsp;prawem przetwarzania, kt\u00f3rego dokonano na&nbsp;podstawie zgody przed jej&nbsp;wycofaniem.<\/p>\n\n\n\n<p>W przypadku, gdy nast\u0105pi zmiana niniejszej Polityki Prywatno\u015bci, a&nbsp;U\u017cytkownik nadal b\u0119dzie korzysta\u0142 z&nbsp;Serwisu, to&nbsp;poczytuje&nbsp;si\u0119 to&nbsp;za&nbsp;wyra\u017cenie zgody na&nbsp;aktualne warunki Polityki Prywatno\u015bci.<\/p>\n\n\n\n<ol start=\"2\" class=\"wp-block-list\">\n<li><strong>DANE OSOBOWE PRZETWARZANE PRZEZ ADMINISTRATORA<\/strong>\n<ol class=\"wp-block-list\">\n<li><strong>Spos\u00f3b pozyskiwania danych osobowych<\/strong><\/li>\n<\/ol>\n<\/li>\n<\/ol>\n\n\n\n<p>Administrator pozyskuje dane osobowe bezpo\u015brednio od&nbsp;U\u017cytkownika za&nbsp;po\u015brednictwem Serwisu, poprzez&nbsp;dost\u0119pne w&nbsp;nim funkcjonalno\u015bci i&nbsp;narz\u0119dzia do&nbsp;komunikacji oraz&nbsp;przes\u0142anie za&nbsp;ich&nbsp;po\u015brednictwem wiadomo\u015bci do&nbsp;Administratora.<\/p>\n\n\n\n<p>Podanie danych osobowych przez U\u017cytkownika jest dobrowolne.<\/p>\n\n\n\n<ol class=\"wp-block-list\">\n<li><strong>Rodzaje przetwarzanych danych osobowych<\/strong><\/li>\n<\/ol>\n\n\n\n<p>Administrator gromadzi za&nbsp;po\u015brednictwem Serwisu nast\u0119puj\u0105ce dane osobowe dotycz\u0105ce U\u017cytkownika:<\/p>\n\n\n\n<ol class=\"wp-block-list\">\n<li>Imi\u0119 i&nbsp;nazwisko;<\/li>\n\n\n\n<li>Adres e-mail;<\/li>\n\n\n\n<li>Numer telefonu;<\/li>\n\n\n\n<li>Tre\u015b\u0107 wiadomo\u015bci;<\/li>\n\n\n\n<li>Temat wiadomo\u015bci.<\/li>\n\n\n\n<li><strong>CELE PRZETWARZANIA DANYCH OSOBOWYCH<\/strong><\/li>\n<\/ol>\n\n\n\n<p>Spos\u00f3b przetwarzania przez Administratora danych dotycz\u0105cych U\u017cytkownika zale\u017cy od&nbsp;sposobu korzystania przez U\u017cytkownika z&nbsp;Serwisu i&nbsp;dost\u0119pnych w&nbsp;nim funkcjonalno\u015bci. Administrator przetwarza dane osobowe U\u017cytkownika w&nbsp;nast\u0119puj\u0105cych celach:<\/p>\n\n\n\n<ol class=\"wp-block-list\">\n<li><strong>Komunikacji z&nbsp;U\u017cytkownikiem.<\/strong><\/li>\n<\/ol>\n\n\n\n<p>Administrator wykorzystuje dane osobowe U\u017cytkownika w&nbsp;celu komunikacji z&nbsp;nim w&nbsp;spersonalizowany spos\u00f3b. Komunikowane U\u017cytkownikowi informacje dotycz\u0105 oferowanych produkt\u00f3w lub&nbsp;us\u0142ug, bezpiecze\u0144stwa danych osobowych, aktualizacji sieci, przypomnie\u0144, ale&nbsp;r\u00f3wnie\u017c sugerowanych ofert Administratora lub&nbsp;jego&nbsp;partner\u00f3w. Komunikacja z&nbsp;U\u017cytkownikiem dotyczy tak\u017ce obs\u0142ugi U\u017cytkownika. Dane osobowe wykorzystywane s\u0105 w&nbsp;celu pomocy U\u017cytkownikowi, rozwi\u0105zaniu problem\u00f3w technicznych oraz&nbsp;odpowiedzi na&nbsp;jego&nbsp;skargi lub&nbsp;reklamacje.<\/p>\n\n\n\n<ol class=\"wp-block-list\">\n<li><strong>Przedstawiania U\u017cytkownikowi ofert handlowych drog\u0105 elektroniczn\u0105.<\/strong><\/li>\n<\/ol>\n\n\n\n<p>Celem korzystania z&nbsp;danych osobowych U\u017cytkownika udost\u0119pnionych przez niego za&nbsp;po\u015brednictwem funkcjonalno\u015bci i&nbsp;narz\u0119dzi do&nbsp;komunikacji dost\u0119pnych w&nbsp;Serwisie jest komunikacja marketingowa prowadzona przez Administratora w&nbsp;ramach prowadzonej dzia\u0142alno\u015bci, w&nbsp;szczeg\u00f3lno\u015bci przedstawianie ofert handlowych U\u017cytkownikowi drog\u0105 elektroniczn\u0105.<\/p>\n\n\n\n<ol class=\"wp-block-list\">\n<li><strong>Przedstawiania U\u017cytkownikowi ofert handlowych w&nbsp;kontakcie telefonicznym.<\/strong><\/li>\n<\/ol>\n\n\n\n<p>Celem korzystania z&nbsp;danych osobowych U\u017cytkownika udost\u0119pnionych przez niego za&nbsp;po\u015brednictwem funkcjonalno\u015bci i&nbsp;narz\u0119dzi do&nbsp;komunikacji dost\u0119pnych w&nbsp;Serwisie jest komunikacja marketingowa prowadzona przez Administratora w&nbsp;ramach prowadzonej dzia\u0142alno\u015bci, w&nbsp;szczeg\u00f3lno\u015bci poprzez&nbsp;przedstawianie ofert handlowych U\u017cytkownikowi w&nbsp;kontakcie telefonicznym.<\/p>\n\n\n\n<ol class=\"wp-block-list\">\n<li><strong>Umo\u017cliwienia przesy\u0142ania przez U\u017cytkownika komentarzy lub&nbsp;opinii.<\/strong><\/li>\n<\/ol>\n\n\n\n<p>Administrator wykorzystuje dane osobowe U\u017cytkownika w&nbsp;celu umo\u017cliwienia mu komentowania\/opiniowania dzia\u0142alno\u015bci, us\u0142ug lub&nbsp;produkt\u00f3w Administratora lub&nbsp;podmiot\u00f3w z&nbsp;nim wsp\u00f3\u0142pracuj\u0105cych.<\/p>\n\n\n\n<p>Administrator mo\u017ce przetwarza\u0107 dane osobowe U\u017cytkownika pozyskane za&nbsp;po\u015brednictwem Serwisu r\u00f3wnie\u017c w&nbsp;nast\u0119puj\u0105cych celach:<\/p>\n\n\n\n<ol class=\"wp-block-list\">\n<li>w celu zawarcia i&nbsp;realizacji ewentualnej umowy pomi\u0119dzy U\u017cytkownikiem a&nbsp;Administratorem oraz&nbsp;obs\u0142ugi U\u017cytkownika jako klienta Administratora zgodnie z&nbsp;art. 6 ust. 1 lit. b) RODO;<\/li>\n\n\n\n<li>w celu prowadzenia rozlicze\u0144 finansowych z&nbsp;U\u017cytkownikiem b\u0119d\u0105cym klientem Administratora tytu\u0142em realizacji ewentualnej umowy zawartej mi\u0119dzy stronami, a&nbsp;tak\u017ce ewentualnego dochodzenia roszcze\u0144 od&nbsp;U\u017cytkownika b\u0119d\u0105cego klientem w&nbsp;ramach prawnie uzasadnionego interesu Administratora zgodnie z&nbsp;art. 6 ust. 1 lit. f) RODO oraz&nbsp;spe\u0142nienia obowi\u0105zk\u00f3w prawnych Administratora wobec organ\u00f3w podatkowych na&nbsp;podstawie odr\u0119bnych przepis\u00f3w zgodnie z&nbsp;art. 6 ust. 1 lit. c) RODO;<\/li>\n\n\n\n<li>w celu realizacji dzia\u0142a\u0144 marketingowych Administratora w&nbsp;ramach prawnie uzasadnionego interesu Administratora w&nbsp;rozumieniu art. 6 ust. 1 lit. f) RODO, a&nbsp;tak\u017ce zgodnie z&nbsp;o\u015bwiadczeniami woli dotycz\u0105cymi komunikacji marketingowej z\u0142o\u017conymi wobec Administratora. Zgody udzielone w&nbsp;zakresie komunikacji marketingowej (np. na&nbsp;przesy\u0142anie informacji handlowych drog\u0105 elektroniczn\u0105 lub&nbsp;kontakt telefoniczny w&nbsp;celach marketingu bezpo\u015bredniego) mog\u0105 by\u0107 wycofane w&nbsp;dowolnym czasie, bez&nbsp;wp\u0142ywu na&nbsp;zgodno\u015b\u0107 z&nbsp;prawem przetwarzania, kt\u00f3rego dokonano na&nbsp;podstawie zgody przed jej&nbsp;cofni\u0119ciem;<\/li>\n\n\n\n<li>w celu realizacji obowi\u0105zk\u00f3w prawnych Administratora wobec U\u017cytkownika okre\u015blonych w&nbsp;RODO, w&nbsp;rozumieniu art. 6 ust. 1 lit. c) RODO.<\/li>\n\n\n\n<li><strong>UDOST\u0118PNIANIE DANYCH OSOBOWYCH<\/strong><\/li>\n<\/ol>\n\n\n\n<p>Dane osobowe U\u017cytkownika nie&nbsp;s\u0105 przekazywane przez Administratora podmiotom trzecim.<\/p>\n\n\n\n<ol start=\"5\" class=\"wp-block-list\">\n<li><strong>PRAWA U\u017bYTKOWNIKA<\/strong>\n<ol class=\"wp-block-list\">\n<li><strong>Prawa U\u017cytkownika<\/strong><\/li>\n<\/ol>\n<\/li>\n<\/ol>\n\n\n\n<p>U\u017cytkownik na&nbsp;ka\u017cdym etapie przetwarzania jego&nbsp;danych zapewniony ma szereg uprawnie\u0144 pozwalaj\u0105cych mu uzyska\u0107 dost\u0119p do&nbsp;swoich danych, weryfikacj\u0119 prawid\u0142owo\u015bci przetwarzania danych, ich&nbsp;korekt\u0119, jak r\u00f3wnie\u017c ma prawo zg\u0142oszenia sprzeciwu wobec ich&nbsp;przetwarzania, mo\u017ce \u017c\u0105da\u0107 usuni\u0119cia danych, ograniczenia przetwarzania lub&nbsp;przeniesienia danych.<\/p>\n\n\n\n<p>W przypadku ch\u0119ci skorzystania przez U\u017cytkownika z&nbsp;przys\u0142uguj\u0105cych mu praw jako podmiotu danych osobowych, mo\u017ce on&nbsp;si\u0119 skontaktowa\u0107 z&nbsp;Administratorem za&nbsp;pomoc\u0105 nast\u0119puj\u0105cych danych kontaktowych: <strong>LDM Development Sp. z o.o., Wro\u0144ska 1D\/U3, 20-327 Lublin, info@ldmdevelopment.pl<\/strong><\/p>\n\n\n\n<ol class=\"wp-block-list\">\n<li><strong>Prawo wniesienia skargi do&nbsp;organu nadzorczego<\/strong><\/li>\n<\/ol>\n\n\n\n<p>U\u017cytkownik, kt\u00f3rego dane osobowe s\u0105 przetwarzane przez Administratora ma prawo wnie\u015b\u0107 skarg\u0119 do&nbsp;organu nadzoru w\u0142a\u015bciwego w&nbsp;sprawach ochrony danych osobowych (Prezesa Urz\u0119du Ochrony Danych Osobowych).<\/p>\n\n\n\n<ol start=\"6\" class=\"wp-block-list\">\n<li><strong>PLIKI COOKIES<\/strong>\n<ol class=\"wp-block-list\">\n<li>Administrator informuje, i\u017c podczas korzystania z&nbsp;Serwisu w&nbsp;urz\u0105dzeniu ko\u0144cowym U\u017cytkownika zapisywane s\u0105 kr\u00f3tkie informacje tekstowe zwane \u201ecookies\u201d. Pliki \u201ecookies\u201d zawieraj\u0105 takie dane informatyczne jak: adres IP dotycz\u0105cy U\u017cytkownika, nazwa strony internetowej, z&nbsp;kt\u00f3rej pochodz\u0105, czas przechowywania ich&nbsp;na&nbsp;urz\u0105dzeniu ko\u0144cowym U\u017cytkownika, zapis parametr\u00f3w i&nbsp;statystyki oraz&nbsp;unikalny numer. Pliki \u201ecookies\u201d s\u0105 kierowane do&nbsp;serwera Serwisu za&nbsp;po\u015brednictwem przegl\u0105darki internetowej zainstalowanej w&nbsp;urz\u0105dzeniu ko\u0144cowym U\u017cytkownika. Pliki \u201ecookies\u201d wykorzystywane s\u0105 w&nbsp;Serwisie w&nbsp;celu:\n<ol class=\"wp-block-list\">\n<li>utrzymania technicznej poprawno\u015bci i&nbsp;ci\u0105g\u0142o\u015bci sesji pomi\u0119dzy serwerem Serwisu, a&nbsp;urz\u0105dzeniem ko\u0144cowym U\u017cytkownika;<\/li>\n\n\n\n<li>optymalizacji korzystania przez U\u017cytkownika ze stron internetowych Serwisu i&nbsp;dostosowania sposobu ich&nbsp;wy\u015bwietlania na&nbsp;urz\u0105dzeniu ko\u0144cowym U\u017cytkownika;<\/li>\n\n\n\n<li>zapewnienia bezpiecze\u0144stwa korzystania z&nbsp;Serwisu;<\/li>\n\n\n\n<li>zbierania statystyk odwiedzin stron Serwisu wspieraj\u0105cych ulepszanie ich&nbsp;struktury i&nbsp;zawarto\u015bci;<\/li>\n\n\n\n<li>wy\u015bwietlania na&nbsp;urz\u0105dzeniu ko\u0144cowym U\u017cytkownika tre\u015bci reklamowych optymalnie dostosowanych do&nbsp;jego&nbsp;preferencji.<\/li>\n<\/ol>\n<\/li>\n<\/ol>\n<\/li>\n<\/ol>\n\n\n\n<p>W ramach Serwisu stosowane s\u0105 dwa rodzaje plik\u00f3w \u201ecookies\u201d: \u201esesyjne\u201d oraz&nbsp;\u201esta\u0142e\u201d. \u201eSesyjne\u201d pliki \u201ecookies\u201d s\u0105 plikami ulegaj\u0105cymi automatycznemu usuni\u0119ciu z&nbsp;urz\u0105dzenia ko\u0144cowego U\u017cytkownika Serwisu po&nbsp;jego&nbsp;wylogowaniu z&nbsp;Serwisu lub&nbsp;po&nbsp;opuszczeniu przez niego stron internetowych Serwisu lub&nbsp;po&nbsp;wy\u0142\u0105czeniu przegl\u0105darki internetowej. \u201eSta\u0142e\u201d pliki \u201ecookies\u201d przechowywane s\u0105 w&nbsp;urz\u0105dzeniu ko\u0144cowym U\u017cytkownika przez czas okre\u015blony w&nbsp;parametrach plik\u00f3w \u201ecookies\u201d lub&nbsp;do&nbsp;czasu ich&nbsp;usuni\u0119cia przez U\u017cytkownika. \u201eSta\u0142e\u201d pliki \u201ecookies\u201d instalowane s\u0105 w&nbsp;urz\u0105dzeniu ko\u0144cowym U\u017cytkownika wy\u0142\u0105cznie za&nbsp;jego&nbsp;zgod\u0105.<\/p>\n\n\n\n<p>Administrator informuje, \u017ce:<\/p>\n\n\n\n<ol class=\"wp-block-list\">\n<li>przegl\u0105darki internetowe domy\u015blnie akceptuj\u0105 instalowanie plik\u00f3w \u201ecookies\u201d w&nbsp;urz\u0105dzeniu ko\u0144cowym U\u017cytkownika. Ka\u017cdy U\u017cytkownik Serwisu mo\u017ce dokona\u0107 w&nbsp;dowolnym czasie zmiany ustawie\u0144 dotycz\u0105cych plik\u00f3w \u201ecookies\u201d w&nbsp;u\u017cywanej przez niego przegl\u0105darce internetowej w&nbsp;taki&nbsp;spos\u00f3b, aby przegl\u0105darka automatycznie blokowa\u0142a obs\u0142ug\u0119 plik\u00f3w \u201ecookies\u201d, b\u0105d\u017a&nbsp;informowa\u0142a U\u017cytkownika o&nbsp;ich&nbsp;ka\u017cdorazowym zamieszczeniu w&nbsp;jego&nbsp;urz\u0105dzeniu ko\u0144cowym. Szczeg\u00f3\u0142owe informacje o&nbsp;mo\u017cliwo\u015bci i&nbsp;sposobach obs\u0142ugi plik\u00f3w \u201ecookies\u201d dost\u0119pne s\u0105 w&nbsp;ustawieniach przegl\u0105darki internetowej stosowanej przez U\u017cytkownika Serwisu.<\/li>\n\n\n\n<li>ograniczenie stosowania plik\u00f3w \u201ecookies\u201d przez U\u017cytkownika mo\u017ce ujemnie wp\u0142yn\u0105\u0107 na&nbsp;poprawno\u015b\u0107 i&nbsp;ci\u0105g\u0142o\u015b\u0107 \u015bwiadczenia Us\u0142ug w&nbsp;Serwisie.<\/li>\n<\/ol>\n\n\n\n<p>Pliki \u201ecookies\u201d zainstalowane w&nbsp;urz\u0105dzeniu ko\u0144cowym U\u017cytkownika Serwisu mog\u0105 by\u0107 wykorzystywane przez wsp\u00f3\u0142pracuj\u0105cych z&nbsp;Administratorem reklamodawc\u00f3w lub&nbsp;partner\u00f3w biznesowych.<br>Pliki \u201ecookies\u201d mo\u017cna uzna\u0107 za&nbsp;dane osobowe jedynie w&nbsp;powi\u0105zaniu z&nbsp;innymi danymi identyfikuj\u0105cymi to\u017csamo\u015b\u0107, udost\u0119pnionymi Administratorowi przez U\u017cytkownika w&nbsp;ramach korzystania z&nbsp;Serwisu.<br>Dost\u0119p do&nbsp;plik\u00f3w \u201ecookies\u201d przetwarzanych przez serwer Serwisu posiada wy\u0142\u0105cznie Administrator.<br>Je\u015bli U\u017cytkownik nie&nbsp;zgadza&nbsp;si\u0119 na&nbsp;zapisywanie i&nbsp;odbieranie informacji w&nbsp;plikach \u201ecookies\u201d, mo\u017ce zmieni\u0107 zasady dotycz\u0105ce plik\u00f3w \u201ecookies\u201d za&nbsp;pomoc\u0105 ustawie\u0144 swojej przegl\u0105darki internetowej.<\/p>\n\n\n\n<ol start=\"7\" class=\"wp-block-list\">\n<li><strong>INNE WA\u017bNE INFORMACJE<\/strong>\n<ol class=\"wp-block-list\">\n<li><strong>Ochrona bezpiecze\u0144stwa danych osobowych<\/strong><\/li>\n<\/ol>\n<\/li>\n<\/ol>\n\n\n\n<p>Administrator wprowadza odpowiednie \u015brodki maj\u0105ce na&nbsp;celu zapewnienie bezpiecze\u0144stwa danych osobowych U\u017cytkownika. Bezpieczne korzystanie z&nbsp;Serwisu zapewniaj\u0105 stosowane systemy oraz&nbsp;procedury chroni\u0105ce przed dost\u0119pem oraz&nbsp;ujawnieniem danych osobom niepo\u017c\u0105danym. Ponadto stosowane przez Administratora systemy oraz&nbsp;procesy s\u0105 regularnie monitorowane w&nbsp;celu wykrycia ewentualnych zagro\u017ce\u0144. Pozyskane przez Administratora dane osobowe przechowywane s\u0105 w&nbsp;systemach komputerowych, do&nbsp;kt\u00f3rych dost\u0119p jest \u015bci\u015ble ograniczony.<\/p>\n\n\n\n<ol class=\"wp-block-list\">\n<li><strong>Przechowywanie danych osobowych<\/strong><\/li>\n<\/ol>\n\n\n\n<p>Okres przechowywania danych osobowych U\u017cytkownik\u00f3w uzale\u017cniony jest od&nbsp;cel\u00f3w przetwarzania przez Administratora danych.<br>Administrator przechowuje dane osobowe przez taki&nbsp;okres, jaki jest konieczny do&nbsp;osi\u0105gni\u0119cia okre\u015blonych cel\u00f3w, tj.:<\/p>\n\n\n\n<ol class=\"wp-block-list\">\n<li>przez okres prowadzenia dzia\u0142alno\u015bci gospodarczej przez Administratora.<\/li>\n<\/ol>\n\n\n\n<p>W ka\u017cdym z&nbsp;powy\u017cszych przypadk\u00f3w, po&nbsp;up\u0142ywie niezb\u0119dnego okresu przetwarzania, dane mog\u0105 by\u0107 przetwarzane tylko&nbsp;w&nbsp;celu dochodzenia roszcze\u0144 na&nbsp;tle \u0142\u0105cz\u0105cych strony relacji do&nbsp;czasu ostatecznego rozstrzygni\u0119cia tych roszcze\u0144 na&nbsp;drodze prawnej.<\/p>\n\n\n\n<ol class=\"wp-block-list\">\n<li><strong>Zmiany Polityki prywatno\u015bci<\/strong><\/li>\n<\/ol>\n\n\n\n<p>W celu uaktualnienia informacji zawartych w&nbsp;niniejszej Polityce prywatno\u015bci oraz&nbsp;jej&nbsp;zgodno\u015bci z&nbsp;obowi\u0105zuj\u0105cymi przepisami prawa, niniejsza Polityka prywatno\u015bci mo\u017ce ulec zmianie. W&nbsp;przypadku zmiany tre\u015bci Polityki prywatno\u015bci, zmieniona zostanie data jej&nbsp;aktualizacji wskazana na&nbsp;ko\u0144cu jej&nbsp;tekstu. W&nbsp;celu zasi\u0119gni\u0119cia informacji o&nbsp;sposobie ochrony danych osobowych, Administrator rekomenduje U\u017cytkownikom regularne zapoznawanie&nbsp;si\u0119 z&nbsp;postanowieniami Polityki Prywatno\u015bci.<\/p>\n\n\n\n<ol class=\"wp-block-list\">\n<li><strong>Informacje kontaktowe<\/strong><\/li>\n<\/ol>\n\n\n\n<p>W celu uzyskania jakichkolwiek informacji dotycz\u0105cych niniejszej Polityki Prywatno\u015bci, U\u017cytkownik mo\u017ce skontaktowa\u0107&nbsp;si\u0119 z&nbsp;Administratorem danych osobowych: <strong>LDM Development Sp. z o.o., Wro\u0144ska 1D\/U3, 20-327 Lublin, <\/strong>z&nbsp;wykorzystaniem nast\u0119puj\u0105cych danych kontaktowych: <a href=\"mailto:archicons.lublin@gmail.com\"><strong>i<\/strong><\/a><strong>nfo@ldmdevelopment.pl<\/strong><strong>.<\/strong><\/p>\n\n\n\n<p>Ponadto istnieje r\u00f3wnie\u017c mo\u017cliwo\u015b\u0107 kontaktu drog\u0105 pocztow\u0105 pod&nbsp;adresem: <strong>Wro\u0144ska 1D\/U3, 20-327 Lublin<\/strong>.<\/p>\n","protected":false},"excerpt":{"rendered":"<p>POLITYKA PRYWATNO\u015aCI SERWISU www.ldmdevelopment.pl Ochrona prywatno\u015bci U\u017cytkownik\u00f3w jest dla LDM Development Sp. z o.o. szczeg\u00f3lnie wa\u017cna. Z&nbsp;tego wzgl\u0119du U\u017cytkownicy Serwisu ldmdevelopment.pl maj\u0105 zagwarantowane wysokie standardy ochrony prywatno\u015bci. LDM Development Sp. &#8230;<\/p>\n","protected":false},"author":1,"featured_media":0,"parent":0,"menu_order":0,"comment_status":"closed","ping_status":"open","template":"","meta":{"footnotes":""},"class_list":["post-3","page","type-page","status-publish","hentry"],"_links":{"self":[{"href":"https:\/\/ldmdevelopment.pl\/tarasowaos\/wp-json\/wp\/v2\/pages\/3","targetHints":{"allow":["GET"]}}],"collection":[{"href":"https:\/\/ldmdevelopment.pl\/tarasowaos\/wp-json\/wp\/v2\/pages"}],"about":[{"href":"https:\/\/ldmdevelopment.pl\/tarasowaos\/wp-json\/wp\/v2\/types\/page"}],"author":[{"embeddable":true,"href":"https:\/\/ldmdevelopment.pl\/tarasowaos\/wp-json\/wp\/v2\/users\/1"}],"replies":[{"embeddable":true,"href":"https:\/\/ldmdevelopment.pl\/tarasowaos\/wp-json\/wp\/v2\/comments?post=3"}],"version-history":[{"count":3,"href":"https:\/\/ldmdevelopment.pl\/tarasowaos\/wp-json\/wp\/v2\/pages\/3\/revisions"}],"predecessor-version":[{"id":845,"href":"https:\/\/ldmdevelopment.pl\/tarasowaos\/wp-json\/wp\/v2\/pages\/3\/revisions\/845"}],"wp:attachment":[{"href":"https:\/\/ldmdevelopment.pl\/tarasowaos\/wp-json\/wp\/v2\/media?parent=3"}],"curies":[{"name":"wp","href":"https:\/\/api.w.org\/{rel}","templated":true}]}}